{"id":1017,"date":"2021-02-05T17:40:29","date_gmt":"2021-02-05T17:40:29","guid":{"rendered":"http:\/\/emmmifla.de\/?page_id=1017"},"modified":"2023-11-01T17:41:42","modified_gmt":"2023-11-01T17:41:42","slug":"ich","status":"publish","type":"page","link":"https:\/\/emmmifla.de\/index.php\/ich\/","title":{"rendered":"\u00dcber mich"},"content":{"rendered":"<h1>\u00a0<\/h1>\n<p>\u00a0<\/p>\n<p>\u00a0<\/p>\n<p>\u00a0<\/p>\n<p style=\"font-size: 16px; font-style: normal; font-weight: 400; color: #42484b; font-family: 'Open Sans', sans-serif; text-transform: none;\">Hallo \ud83d\ude42<\/p>\n<p style=\"font-size: 16px; font-style: normal; font-weight: 400; color: #42484b; font-family: 'Open Sans', sans-serif; text-transform: none;\">Ich bin Emily Flade, 21 Jahre alt und komme aus Dresden.<\/p>\n<p style=\"font-size: 16px; font-style: normal; font-weight: 400; color: #42484b; font-family: 'Open Sans', sans-serif; text-transform: none;\">Dort habe ich im 2019 mein Abitur im Kunst-Leistungskurs beendet und war daraufhin f\u00fcr mehrere Monate in den Theaterwerkst\u00e4tten der Dresdner Staatstheater. Nach dem Praktikum in der Theaterplastik habe ich meine Lehre zur Tischlerin begonnen, die nun im vollen Gange ist.<\/p>\n<p style=\"font-size: 16px; font-style: normal; font-weight: 400; color: #42484b; font-family: 'Open Sans', sans-serif; text-transform: none;\">Aber nun ein bisschen n\u00e4her zu mir und meiner Kunst: Wie bereits vorgestellt, zeichne ich viel was mir vor die Nase kommt und nur lang genug da bleibt. Meinen Bruder, den Kater, Haushaltsgegenst\u00e4nde oder den bedeckten Tisch. H\u00e4ufig sind es auch Menschen, die ich in den \u00f6ffentlichen Verkehrsmitteln sehe, da ich viel mit diesen unterwegs bin. Was dabei entsteht, sind Zeichnungen, mal detaillierter, mal weniger genau.<\/p>\n<p style=\"font-size: 16px; font-style: normal; font-weight: 400; color: #42484b; font-family: 'Open Sans', sans-serif; text-transform: none;\">So ist mein Skizzenbuch Tagebuch und \u00dcbungsraum in einem. Ich habe mir selber das Ziel gesetzt jeden Tag etwas zu machen. Meistens sind es Zeichnungen, doch auch andere Dinge wie Collagen, kleine Plastiken, Malereien oder Grafiken entstehen dabei. Hauptsache ich bleibe am Ball, lerne dazu und entwickle mich weiter. Manchmal hapert es an der Umsetzung, doch es wird mit der Zeit immer besser.<\/p>\n<p style=\"font-size: 16px; font-style: normal; font-weight: 400; color: #42484b; font-family: 'Open Sans', sans-serif; text-transform: none;\">Gleichzeitig entstehen auch etwas gr\u00f6\u00dfere Werke, die mehr Zeit und Aufwand verlangen. Diese m\u00f6chte ich vorrangig auf dieser Webseite vorstellen. Dabei kann es sich um gr\u00f6\u00dfere Projekte wie den Nachbau des Masterschwertes aus dem Spiel &#8220;The Legend of Zelda&#8221; handeln oder um etwas dezentere, wie z. B. Linoldrucke. Ich bin Neuem sehr offen gegen\u00fcber, sodass den Techniken und Materialien wenig Grenzen gesetzt sein sollen. Doch am besten, du machst dir unter &#8216;<a style=\"font-size: 16px;\" href=\"http:\/\/emmmiflade.oakwoodmedia.de\/index.php\/kunstwerke\/\">Kunstwerke<\/a>&#8216; selber ein Bild davon.<\/p>\n<p style=\"font-size: 16px; font-style: normal; font-weight: 400; color: #42484b; font-family: 'Open Sans', sans-serif; text-transform: none;\">\u00a0<\/p>\n<p style=\"font-size: 16px; font-style: normal; font-weight: 400; color: #42484b; font-family: 'Open Sans', sans-serif; text-transform: none;\">Abgesehen von all den Kunstsachen verbringe ich meine Zeit sehr gern mit meiner Familie und Freunden, bin in drau\u00dfen in der Natur aktiv und sehr begeisterungsf\u00e4hig f\u00fcr Essen und flache Witze.<\/p>\n<p><img loading=\"lazy\" class=\"alignnone wp-image-1216 size-large\" src=\"https:\/\/emmmifla.de\/wp-content\/uploads\/2022\/10\/DSC05499-1024x683.jpg\" alt=\"\" width=\"1024\" height=\"683\" srcset=\"https:\/\/emmmifla.de\/wp-content\/uploads\/2022\/10\/DSC05499-1024x683.jpg 1024w, https:\/\/emmmifla.de\/wp-content\/uploads\/2022\/10\/DSC05499-300x200.jpg 300w, https:\/\/emmmifla.de\/wp-content\/uploads\/2022\/10\/DSC05499-768x512.jpg 768w, https:\/\/emmmifla.de\/wp-content\/uploads\/2022\/10\/DSC05499-1536x1024.jpg 1536w, https:\/\/emmmifla.de\/wp-content\/uploads\/2022\/10\/DSC05499-2048x1365.jpg 2048w\" sizes=\"(max-width: 1024px) 100vw, 1024px\" \/><\/p>\n\n\n<p class=\"has-text-align-right\">Dresden, den 04.10.2022<\/p>\n\n\n\n<p><\/p>\n\n\n\n<p><\/p>\n","protected":false},"excerpt":{"rendered":"<p>\u00a0 \u00a0 \u00a0 \u00a0 Hallo \ud83d\ude42 Ich bin Emily Flade, 21 Jahre alt und komme aus Dresden. Dort habe ich im 2019 mein Abitur im Kunst-Leistungskurs beendet und war daraufhin f\u00fcr mehrere Monate in den Theaterwerkst\u00e4tten der Dresdner Staatstheater. Nach dem Praktikum in der Theaterplastik habe ich meine Lehre zur Tischlerin begonnen, die nun im &hellip;<\/p>\n<p class=\"read-more\"> <a class=\"\" href=\"https:\/\/emmmifla.de\/index.php\/ich\/\"> <span class=\"screen-reader-text\">\u00dcber mich<\/span> Read More &raquo;<\/a><\/p>\n","protected":false},"author":2,"featured_media":0,"parent":0,"menu_order":0,"comment_status":"closed","ping_status":"closed","template":"","meta":[],"_links":{"self":[{"href":"https:\/\/emmmifla.de\/index.php\/wp-json\/wp\/v2\/pages\/1017"}],"collection":[{"href":"https:\/\/emmmifla.de\/index.php\/wp-json\/wp\/v2\/pages"}],"about":[{"href":"https:\/\/emmmifla.de\/index.php\/wp-json\/wp\/v2\/types\/page"}],"author":[{"embeddable":true,"href":"https:\/\/emmmifla.de\/index.php\/wp-json\/wp\/v2\/users\/2"}],"replies":[{"embeddable":true,"href":"https:\/\/emmmifla.de\/index.php\/wp-json\/wp\/v2\/comments?post=1017"}],"version-history":[{"count":14,"href":"https:\/\/emmmifla.de\/index.php\/wp-json\/wp\/v2\/pages\/1017\/revisions"}],"predecessor-version":[{"id":1276,"href":"https:\/\/emmmifla.de\/index.php\/wp-json\/wp\/v2\/pages\/1017\/revisions\/1276"}],"wp:attachment":[{"href":"https:\/\/emmmifla.de\/index.php\/wp-json\/wp\/v2\/media?parent=1017"}],"curies":[{"name":"wp","href":"https:\/\/api.w.org\/{rel}","templated":true}]}}