{"id":11,"date":"2020-10-19T12:00:03","date_gmt":"2020-10-19T12:00:03","guid":{"rendered":"http:\/\/emmmifla.de\/index.php\/home-2\/"},"modified":"2023-10-12T16:22:58","modified_gmt":"2023-10-12T16:22:58","slug":"home","status":"publish","type":"page","link":"https:\/\/emmmifla.de\/","title":{"rendered":"Home"},"content":{"rendered":"\t\t<div data-elementor-type=\"wp-page\" data-elementor-id=\"11\" class=\"elementor elementor-11\" data-elementor-settings=\"[]\">\n\t\t\t\t\t\t<div class=\"elementor-inner\">\n\t\t\t\t\t\t\t<div class=\"elementor-section-wrap\">\n\t\t\t\t\t\t\t<section class=\"elementor-section elementor-top-section elementor-element elementor-element-67044b05 elementor-section-boxed elementor-section-height-default elementor-section-height-default\" data-id=\"67044b05\" data-element_type=\"section\" data-settings=\"{&quot;background_background&quot;:&quot;classic&quot;}\">\n\t\t\t\t\t\t<div class=\"elementor-container elementor-column-gap-no\">\n\t\t\t\t\t\t\t<div class=\"elementor-row\">\n\t\t\t\t\t<div class=\"elementor-column elementor-col-100 elementor-top-column elementor-element elementor-element-f8ef12c\" data-id=\"f8ef12c\" data-element_type=\"column\">\n\t\t\t<div class=\"elementor-column-wrap elementor-element-populated\">\n\t\t\t\t\t\t\t<div class=\"elementor-widget-wrap\">\n\t\t\t\t\t\t<div class=\"elementor-element elementor-element-f52263f elementor-widget elementor-widget-heading\" data-id=\"f52263f\" data-element_type=\"widget\" data-widget_type=\"heading.default\">\n\t\t\t\t<div class=\"elementor-widget-container\">\n\t\t\t<h1 class=\"elementor-heading-title elementor-size-default\">Willkommen<\/h1>\t\t<\/div>\n\t\t\t\t<\/div>\n\t\t\t\t\t\t<\/div>\n\t\t\t\t\t<\/div>\n\t\t<\/div>\n\t\t\t\t\t\t\t\t<\/div>\n\t\t\t\t\t<\/div>\n\t\t<\/section>\n\t\t\t\t<section class=\"elementor-section elementor-top-section elementor-element elementor-element-c6934db elementor-section-content-middle elementor-section-boxed elementor-section-height-default elementor-section-height-default\" data-id=\"c6934db\" data-element_type=\"section\" data-settings=\"{&quot;background_background&quot;:&quot;classic&quot;}\">\n\t\t\t\t\t\t<div class=\"elementor-container elementor-column-gap-no\">\n\t\t\t\t\t\t\t<div class=\"elementor-row\">\n\t\t\t\t\t<div class=\"elementor-column elementor-col-50 elementor-top-column elementor-element elementor-element-53794c3\" data-id=\"53794c3\" data-element_type=\"column\">\n\t\t\t<div class=\"elementor-column-wrap elementor-element-populated\">\n\t\t\t\t\t\t\t<div class=\"elementor-widget-wrap\">\n\t\t\t\t\t\t<div class=\"elementor-element elementor-element-c6d8573 elementor-widget elementor-widget-text-editor\" data-id=\"c6d8573\" data-element_type=\"widget\" data-widget_type=\"text-editor.default\">\n\t\t\t\t<div class=\"elementor-widget-container\">\n\t\t\t\t\t<div class=\"elementor-text-editor elementor-clearfix\"><p>Angefangen hat es mit Zeichnungen. Ein Malgrund, ein Stift und ich war versorgt. Mal schnelle, mal ausf\u00fchrliche Skizzen aus meinem Alltag: Die Mitfahrer im Bus, meine Familie, Freunde oder einfach das Gedeck auf dem K\u00fcchentisch. Das mache ich jetzt immer noch gerne, mit der Zeit mehr dazu gekommen. Beides m\u00f6chte ich euch hier vorstellen.<\/p><p>Grunds\u00e4tzlich handelt es sich um Dinge, die ich mit meinen eigenen H\u00e4nden herstellen kann. Es ist dabei \u00e4hnlich wie beim Zeichnen: Wenn ich etwas entdecke, dass ich interessant finde, probiere ich es gerne selber aus (oder mit der Hilfe von Menschen, die \u00fcber das Thema Bescheid wissen \ud83d\ude42 ). Mal ist es ein ma\u00dfstabgerechtes Schwert aus einem Nintendo-Spiel, mal Linoldruck, Ohrringe, modellierte Figuren und Gef\u00e4\u00dfe, eine Bin\u00e4rcode-Uhr, doch auch &#8216;Klassisches&#8217;, wie Malereien. Ich folge dabei keinem einheitlichen Stil, es ist eher eine Suche nach Kunst, Handwerk und Techniken, die ich erlernen m\u00f6chte oder weiter festigen will. Wie es nun einmal ist, gelingt das eine mehr, das andere weniger. Ich denke das geht jedem so und auch solche Seiten m\u00f6chte ich euch zeigen \ud83d\ude42<\/p><p>Am Ende macht es mir doch immer Freude.<\/p><p>Wenn Ihr Anmerkungen, Ideen, Kritik oder Fragen habt, dann f\u00fchlt euch frei, mir zu schreiben. Oder auch wenn ihr meint, dass etwas von hier bei euch an die Wand passen w\u00fcrde. Ich kann leider nicht alles behalten, daf\u00fcr ist mein Zimmerchen zu klein \ud83d\ude42<\/p><p>Viel Spa\u00df beim St\u00f6bern!<\/p><p>emmmi<\/p><p>\u00a0<\/p><p><a href=\"http:\/\/emmmifla.de\/index.php\/kunstwerke\/\">Hier<\/a> geht es zu den Werken, <a href=\"http:\/\/emmmifla.de\/index.php\/ich\/\">dort<\/a> erz\u00e4hle ich ein bisschen zu mir und <a href=\"http:\/\/emmmifla.de\/index.php\/kontakt\/\">da<\/a> findest du meinen Kontaktdaten.<\/p><\/div>\n\t\t\t\t<\/div>\n\t\t\t\t<\/div>\n\t\t\t\t<div class=\"elementor-element elementor-element-7ae8a64 elementor-widget elementor-widget-button\" data-id=\"7ae8a64\" data-element_type=\"widget\" data-widget_type=\"button.default\">\n\t\t\t\t<div class=\"elementor-widget-container\">\n\t\t\t\t\t<div class=\"elementor-button-wrapper\">\n\t\t\t<a href=\"\/index.php\/kunstwerke\" class=\"elementor-button-link elementor-button elementor-size-sm\" role=\"button\">\n\t\t\t\t\t\t<span class=\"elementor-button-content-wrapper\">\n\t\t\t\t\t\t<span class=\"elementor-button-icon elementor-align-icon-right\">\n\t\t\t\t\t\t\t<\/span>\n\t\t\t\t\t\t<span class=\"elementor-button-text\">Werke<\/span>\n\t\t<\/span>\n\t\t\t\t\t<\/a>\n\t\t<\/div>\n\t\t\t\t<\/div>\n\t\t\t\t<\/div>\n\t\t\t\t\t\t<\/div>\n\t\t\t\t\t<\/div>\n\t\t<\/div>\n\t\t\t\t<div class=\"elementor-column elementor-col-50 elementor-top-column elementor-element elementor-element-db0fd65\" data-id=\"db0fd65\" data-element_type=\"column\">\n\t\t\t<div class=\"elementor-column-wrap elementor-element-populated\">\n\t\t\t\t\t\t\t<div class=\"elementor-widget-wrap\">\n\t\t\t\t\t\t<div class=\"elementor-element elementor-element-f0ebaea elementor-widget elementor-widget-image\" data-id=\"f0ebaea\" data-element_type=\"widget\" data-widget_type=\"image.default\">\n\t\t\t\t<div class=\"elementor-widget-container\">\n\t\t\t\t\t<div class=\"elementor-image\">\n\t\t\t\t\t\t\t\t\t\t<img width=\"768\" height=\"769\" src=\"https:\/\/emmmifla.de\/wp-content\/uploads\/2021\/08\/IMG_20210821_234412-768x769.jpg\" class=\"attachment-medium_large size-medium_large\" alt=\"\" loading=\"lazy\" srcset=\"https:\/\/emmmifla.de\/wp-content\/uploads\/2021\/08\/IMG_20210821_234412-768x769.jpg 768w, https:\/\/emmmifla.de\/wp-content\/uploads\/2021\/08\/IMG_20210821_234412-300x300.jpg 300w, https:\/\/emmmifla.de\/wp-content\/uploads\/2021\/08\/IMG_20210821_234412-1024x1024.jpg 1024w, https:\/\/emmmifla.de\/wp-content\/uploads\/2021\/08\/IMG_20210821_234412-150x150.jpg 150w, https:\/\/emmmifla.de\/wp-content\/uploads\/2021\/08\/IMG_20210821_234412-1536x1536.jpg 1536w, https:\/\/emmmifla.de\/wp-content\/uploads\/2021\/08\/IMG_20210821_234412-2048x2048.jpg 2048w\" sizes=\"(max-width: 768px) 100vw, 768px\" \/>\t\t\t\t\t\t\t\t\t\t\t<\/div>\n\t\t\t\t<\/div>\n\t\t\t\t<\/div>\n\t\t\t\t\t\t<\/div>\n\t\t\t\t\t<\/div>\n\t\t<\/div>\n\t\t\t\t\t\t\t\t<\/div>\n\t\t\t\t\t<\/div>\n\t\t<\/section>\n\t\t\t\t<section class=\"elementor-section elementor-top-section elementor-element elementor-element-10c8283 elementor-section-boxed elementor-section-height-default elementor-section-height-default\" data-id=\"10c8283\" data-element_type=\"section\">\n\t\t\t\t\t\t<div class=\"elementor-container elementor-column-gap-default\">\n\t\t\t\t\t\t\t<div class=\"elementor-row\">\n\t\t\t\t\t<div class=\"elementor-column elementor-col-100 elementor-top-column elementor-element elementor-element-3b8af08\" data-id=\"3b8af08\" data-element_type=\"column\">\n\t\t\t<div class=\"elementor-column-wrap elementor-element-populated\">\n\t\t\t\t\t\t\t<div class=\"elementor-widget-wrap\">\n\t\t\t\t\t\t<div class=\"elementor-element elementor-element-fd3a63a animated-fast premium-blog-align-left elementor-widget elementor-widget-premium-addon-blog\" data-id=\"fd3a63a\" data-element_type=\"widget\" data-settings=\"{&quot;_animation&quot;:&quot;none&quot;,&quot;_animation_delay&quot;:0}\" data-widget_type=\"premium-addon-blog.default\">\n\t\t\t\t<div class=\"elementor-widget-container\">\n\t\t\t\t\t<div class=\"premium-error-notice\">\r\n\t\t\tThe current query has no posts. Please make sure you have published items matching your query.\t\t<\/div>\r\n\t\t\t\t<\/div>\n\t\t\t\t<\/div>\n\t\t\t\t\t\t<\/div>\n\t\t\t\t\t<\/div>\n\t\t<\/div>\n\t\t\t\t\t\t\t\t<\/div>\n\t\t\t\t\t<\/div>\n\t\t<\/section>\n\t\t\t\t\t\t<\/div>\n\t\t\t\t\t\t<\/div>\n\t\t\t\t\t<\/div>\n\t\t","protected":false},"excerpt":{"rendered":"<p>Willkommen Angefangen hat es mit Zeichnungen. Ein Malgrund, ein Stift und ich war versorgt. Mal schnelle, mal ausf\u00fchrliche Skizzen aus meinem Alltag: Die Mitfahrer im Bus, meine Familie, Freunde oder einfach das Gedeck auf dem K\u00fcchentisch. Das mache ich jetzt immer noch gerne, mit der Zeit mehr dazu gekommen. Beides m\u00f6chte ich euch hier vorstellen. &hellip;<\/p>\n<p class=\"read-more\"> <a class=\"\" href=\"https:\/\/emmmifla.de\/\"> <span class=\"screen-reader-text\">Home<\/span> Read More &raquo;<\/a><\/p>\n","protected":false},"author":2,"featured_media":0,"parent":0,"menu_order":0,"comment_status":"closed","ping_status":"closed","template":"","meta":[],"_links":{"self":[{"href":"https:\/\/emmmifla.de\/index.php\/wp-json\/wp\/v2\/pages\/11"}],"collection":[{"href":"https:\/\/emmmifla.de\/index.php\/wp-json\/wp\/v2\/pages"}],"about":[{"href":"https:\/\/emmmifla.de\/index.php\/wp-json\/wp\/v2\/types\/page"}],"author":[{"embeddable":true,"href":"https:\/\/emmmifla.de\/index.php\/wp-json\/wp\/v2\/users\/2"}],"replies":[{"embeddable":true,"href":"https:\/\/emmmifla.de\/index.php\/wp-json\/wp\/v2\/comments?post=11"}],"version-history":[{"count":49,"href":"https:\/\/emmmifla.de\/index.php\/wp-json\/wp\/v2\/pages\/11\/revisions"}],"predecessor-version":[{"id":1243,"href":"https:\/\/emmmifla.de\/index.php\/wp-json\/wp\/v2\/pages\/11\/revisions\/1243"}],"wp:attachment":[{"href":"https:\/\/emmmifla.de\/index.php\/wp-json\/wp\/v2\/media?parent=11"}],"curies":[{"name":"wp","href":"https:\/\/api.w.org\/{rel}","templated":true}]}}