{"id":998,"date":"2021-02-05T17:31:22","date_gmt":"2021-02-05T17:31:22","guid":{"rendered":"http:\/\/emmmifla.de\/?page_id=998"},"modified":"2021-02-05T19:23:48","modified_gmt":"2021-02-05T19:23:48","slug":"datenschutz","status":"publish","type":"page","link":"https:\/\/emmmifla.de\/index.php\/datenschutz\/","title":{"rendered":"Datenschutz"},"content":{"rendered":"\t\t<div data-elementor-type=\"wp-page\" data-elementor-id=\"998\" class=\"elementor elementor-998\" data-elementor-settings=\"[]\">\n\t\t\t\t\t\t<div class=\"elementor-inner\">\n\t\t\t\t\t\t\t<div class=\"elementor-section-wrap\">\n\t\t\t\t\t\t\t<section class=\"elementor-section elementor-top-section elementor-element elementor-element-6c52c0af elementor-section-boxed elementor-section-height-default elementor-section-height-default\" data-id=\"6c52c0af\" data-element_type=\"section\" data-settings=\"{&quot;background_background&quot;:&quot;classic&quot;}\">\n\t\t\t\t\t\t<div class=\"elementor-container elementor-column-gap-no\">\n\t\t\t\t\t\t\t<div class=\"elementor-row\">\n\t\t\t\t\t<div class=\"elementor-column elementor-col-100 elementor-top-column elementor-element elementor-element-79402780\" data-id=\"79402780\" data-element_type=\"column\">\n\t\t\t<div class=\"elementor-column-wrap elementor-element-populated\">\n\t\t\t\t\t\t\t<div class=\"elementor-widget-wrap\">\n\t\t\t\t\t\t<div class=\"elementor-element elementor-element-38994a44 elementor-widget elementor-widget-heading\" data-id=\"38994a44\" data-element_type=\"widget\" data-widget_type=\"heading.default\">\n\t\t\t\t<div class=\"elementor-widget-container\">\n\t\t\t<h1 class=\"elementor-heading-title elementor-size-default\">Datenschutzerkl\u00e4rung<\/h1>\t\t<\/div>\n\t\t\t\t<\/div>\n\t\t\t\t\t\t<\/div>\n\t\t\t\t\t<\/div>\n\t\t<\/div>\n\t\t\t\t\t\t\t\t<\/div>\n\t\t\t\t\t<\/div>\n\t\t<\/section>\n\t\t\t\t<section class=\"elementor-section elementor-top-section elementor-element elementor-element-6b077aa5 elementor-section-boxed elementor-section-height-default elementor-section-height-default\" data-id=\"6b077aa5\" data-element_type=\"section\">\n\t\t\t\t\t\t<div class=\"elementor-container elementor-column-gap-default\">\n\t\t\t\t\t\t\t<div class=\"elementor-row\">\n\t\t\t\t\t<div class=\"elementor-column elementor-col-100 elementor-top-column elementor-element elementor-element-4c206252\" data-id=\"4c206252\" data-element_type=\"column\">\n\t\t\t<div class=\"elementor-column-wrap elementor-element-populated\">\n\t\t\t\t\t\t\t<div class=\"elementor-widget-wrap\">\n\t\t\t\t\t\t<div class=\"elementor-element elementor-element-6c893656 elementor-widget elementor-widget-text-editor\" data-id=\"6c893656\" data-element_type=\"widget\" data-widget_type=\"text-editor.default\">\n\t\t\t\t<div class=\"elementor-widget-container\">\n\t\t\t\t\t<div class=\"elementor-text-editor elementor-clearfix\"><p><!-- wp:paragraph --><\/p><p>Ich freue mich \u00fcber Ihr Interesse an emmmifla.de. Ich m\u00f6chte, dass Sie sich hinsichtlich des Schutzes Ihrer personenbezogenen Daten hier sicher f\u00fchlen.<br \/>Die Nutzung dieser Webseite ist in der Regel ohne Angabe personenbezogener Daten m\u00f6glich. Soweit auf diesen Seiten personenbezogene Daten (beispielsweise Name, Anschrift oder E-Mail-Adressen) erhoben werden, erfolgt dies, soweit m\u00f6glich, stets auf freiwilliger Basis.<br \/>Ich halte mich strikt an die Regeln der Datenschutzgesetze und nehmen den Schutz Ihrer personenbezogenen Daten sehr ernst. Mit dieser Erkl\u00e4rung zum Datenschutz will ich mein Engagement f\u00fcr den Schutz Ihrer Privatsph\u00e4re unterstreichen.<br \/>Zur Einhaltung der Bestimmungen des EU-Datenschutz-Grundverordnung (DSGVO), des Bundesdatenschutzgesetzes (BDSG) und sonstiger relevanter Datenschutzbestimmungen sehe ich mich in der Pflicht stehts Personbezogene Daten zu verschweigen. Als Rechtsgrundlage f\u00fcr die Verarbeitung personbezogener Daten, dient die EU-Datenschutzgrundverordnung.<br \/>Zum Begriff \u201ePersonenbezogene Daten\u201c (pbDaten): Dies sind alle Informationen, die sich auf eine identifizierte oder identifizierbare nat\u00fcrliche Person (Betroffener) beziehen, z. B. Name, Adresse, Kontaktdaten, Nutzerkennung, IP-Adresse, Foto- und Videoaufnahmen, Standortdaten, etc.<\/p><p><!-- \/wp:heading --><\/p><p><!-- wp:heading {\"level\":4} --><\/p><h4>1. Verwendung und Weitergabe personenbezogener Daten<\/h4><p><!-- \/wp:heading --><\/p><p><!-- wp:paragraph --><\/p><p>Personenbezogene Daten, die Sie uns auf elektronischem Weg mitteilen, werden zur Korrespondenz (Email) mit Ihnen und f\u00fcr die Zwecke erhoben, verarbeitet und gespeichert, zu denen Sie uns die Daten zur Verf\u00fcgung gestellt haben. Die personbezogenen Daten werden, so weit m\u00f6glich nicht an Dritte weitergegeben.<br \/>Sie k\u00f6nnen dieser Nutzung Ihrer Daten jederzeit durch eine Mail an <a href=\"mailto:contact@oakwoodmedia.de\">kontakt(at)emmmifla.de<\/a>\u00a0widersprechen.<\/p><p><!-- \/wp:paragraph --><\/p><p><!-- wp:heading {\"level\":4} --><\/p><h4>2. Datenverarbeitung auf dieser Internetseite<\/h4><p><!-- \/wp:heading --><\/p><p><!-- wp:paragraph --><\/p><p>oakwoodmedia.de verarbeitet aus Sicherheits- und technischen Gr\u00fcnden auf unseren Systemen automatisch Informationen, die Ihr Browser an uns \u00fcbermittelt. Dies sind im Wesentlichen:<br \/>\u2013 Browsertyp\/-version<br \/>\u2013 verwendetes Betriebssystem<br \/>\u2013 die auf unseren Systemen abgerufene URL (Webseite)<br \/>\u2013 Referrer URL (die Webseite, die auf unsere Webseite verwiesen hat)<br \/>\u2013 Hostname und vollst\u00e4ndige IP-Adresse des zugreifenden Rechners<br \/>\u2013 Datum und Uhrzeit des Abrufs<br \/>\u2013 abgerufenes Datenvolumen und Dateitypen.<br \/>\u2013 Websites, von denen das System des Nutzers auf unsere Internetseite gelangt<br \/>\u2013 Websites, die vom System des Nutzers \u00fcber unsere Website aufgerufen werden<br \/>Informationen zu IP-Adressen: IP-Adressen sind f\u00fcr das Senden der Webseiten und Daten von unseren Servern auf Ihren Browser zwingend erforderlich. Sie sind die \u201eAdressen\u201c f\u00fcr die Informationen, die Sie von unseren Webservern anfordern. IP-Adressen z\u00e4hlen jedoch zu den personenbezogenen Daten und werden daher von uns ausschlie\u00dflich in technisch erforderlichem Umfang verarbeitet.<\/p><p><!-- \/wp:paragraph --><\/p><p><!-- wp:paragraph --><\/p><p>Wenn Besucher Kommentare auf der Website hinterlassen, werden die Daten, die im Kommentarformular angezeigt werden, sowie die IP-Adresse des Besuchers und den User-Agent-String des Browsers, um die Spam-Erkennung zu unterst\u00fctzen erfasst.<\/p><p><!-- \/wp:paragraph --><\/p><p><!-- wp:paragraph --><\/p><p>Eine anonymisierte Zeichenfolge, die aus Ihrer E-Mail-Adresse erstellt wird (auch Hash genannt), kann dem Gravatar-Dienst zur Verf\u00fcgung gestellt werden, um zu sehen, ob Sie diese verwenden. Die Datenschutzerkl\u00e4rung des Gravatar-Dienstes ist hier verf\u00fcgbar: <a href=\"https:\/\/automattic.com\/privacy\/\">https:\/\/automattic.com\/privacy\/<\/a>. Nach Genehmigung Ihres Kommentars ist Ihr freiwillig angegebendes Profilbild im Rahmen Ihres Kommentars f\u00fcr die \u00d6ffentlichkeit sichtbar.<\/p><p><!-- \/wp:paragraph --><\/p><p><!-- wp:heading {\"level\":4} --><\/p><h4>3. Datenl\u00f6schung und Speicherdauer<\/h4><p><!-- \/wp:heading --><\/p><p><!-- wp:paragraph --><\/p><p>Die personenbezogenen Daten der betroffenen Person werden gel\u00f6scht oder gesperrt, sobald der Zweck der Speicherung entf\u00e4llt.<\/p><p><!-- \/wp:paragraph --><\/p><p><!-- wp:heading {\"level\":4} --><\/p><h4>4. Cookies<\/h4><p><!-- \/wp:heading --><\/p><p><!-- wp:paragraph --><\/p><p>Die Internetseiten verwenden teilweise so genannte Cookies. Cookies richten auf Ihrem Rechner keinen Schaden an und enthalten keine Viren. Cookies dienen dazu, unser Angebot nutzerfreundlicher, effektiver und sicherer zu machen. Cookies sind kleine Textdateien, die auf Ihrem Rechner abgelegt werden und die Ihr Browser speichert.<br \/>Die meisten der von uns verwendeten Cookies sind so genannte \u201eSession-Cookies\u201c. Sie werden nach Ende Ihres Besuchs automatisch gel\u00f6scht. Andere Cookies bleiben auf Ihrem Endger\u00e4t gespeichert, bis Sie diese l\u00f6schen. Diese Cookies erm\u00f6glichen es uns, Ihren Browser beim n\u00e4chsten Besuch wiederzuerkennen.<br \/>Sie k\u00f6nnen Ihren Browser so einstellen, dass Sie \u00fcber das Setzen von Cookies informiert werden und Cookies nur im Einzelfall erlauben, die Annahme von Cookies f\u00fcr bestimmte F\u00e4lle oder generell ausschlie\u00dfen sowie das automatische L\u00f6schen der Cookies beim Schlie\u00dfen des Browser aktivieren. Bei der Deaktivierung von Cookies kann die Funktionalit\u00e4t dieser Website eingeschr\u00e4nkt sein.<\/p><p><!-- \/wp:paragraph --><\/p><p><!-- wp:heading {\"level\":4} --><\/p><h4>5. Recht auf Auskunft, Berichtigung, L\u00f6schung, Sperrung<\/h4><p><!-- \/wp:heading --><\/p><p><!-- wp:paragraph --><\/p><p>Sie haben jederzeit das Recht auf unentgeltliche Auskunft \u00fcber Ihre gespeicherten personenbezogenen Daten, deren Herkunft und Empf\u00e4nger und den Zweck der Datenverarbeitung sowie ein Recht auf Berichtigung, Sperrung oder L\u00f6schung dieser Daten. Hierzu sowie zu weiteren Fragen zum Thema personenbezogene Daten k\u00f6nnen Sie sich jederzeit unter der im Impressum angegebenen Adresse an uns wenden.<\/p><p><!-- \/wp:paragraph --><\/p><p><!-- wp:heading {\"level\":4} --><\/p><h4>6. Google Analytics<\/h4><p><!-- \/wp:heading --><\/p><p><!-- wp:paragraph --><\/p><p>Diese Website benutzt Google Analytics, einen Webanalysedienst der Google Inc, (1600 Amphitheatre Parkway Mountain View, CA 94043, USA; \u201eGoogle\u201c). Die Nutzung umfasst die Betriebsart \u201eUniversal Analytics\u201c. Hierdurch ist es m\u00f6glich, Daten, Sitzungen und Interaktionen \u00fcber mehrere Ger\u00e4te hinweg einer pseudonymen User-ID zuzuordnen und so die Aktivit\u00e4ten eines Nutzers ger\u00e4te\u00fcbergreifend zu analysieren. Dieser Datenschutzhinweis wird zur Verf\u00fcgung gestellt von\u00a0<a href=\"https:\/\/www.intersoft-consulting.de\/\" target=\"_blank\" rel=\"noreferrer noopener\">www.intersoft-consulting.de<\/a>.<\/p><p><!-- \/wp:paragraph --><\/p><p><!-- wp:paragraph --><\/p><p>Google Analytics verwendet sog. \u201eCookies\u201c, Textdateien, die auf Ihrem Computer gespeichert werden und die eine Analyse der Benutzung der Website durch Sie erm\u00f6glichen. Die durch das Cookie erzeugten Informationen \u00fcber Ihre Benutzung dieser Website werden in der Regel an einen Server von Google in den USA \u00fcbertragen und dort gespeichert. Im Falle der Aktivierung der IP-Anonymisierung auf dieser Website, wird Ihre IP-Adresse von Google jedoch innerhalb von Mitgliedstaaten der Europ\u00e4ischen Union oder in anderen Vertragsstaaten des Abkommens \u00fcber den Europ\u00e4ischen Wirtschaftsraum zuvor gek\u00fcrzt. Nur in Ausnahmef\u00e4llen wird die volle IP-Adresse an einen Server von Google in den USA \u00fcbertragen und dort gek\u00fcrzt. Die im Rahmen von Google Analytics von Ihrem Browser \u00fcbermittelte IP-Adresse wird nicht mit anderen Daten von Google zusammengef\u00fchrt. Im Auftrag des Betreibers dieser Website wird Google diese Informationen benutzen, um Ihre Nutzung der Website auszuwerten, um Reports \u00fcber die Websiteaktivit\u00e4ten zusammenzustellen und um weitere mit der Websitenutzung und der Internetnutzung verbundene Dienstleistungen gegen\u00fcber dem Websitebetreiber zu erbringen. In diesen Zwecken liegt auch unser berechtigtes Interesse an der Datenverarbeitung. Die Rechtsgrundlage f\u00fcr den Einsatz von Google Analytics ist \u00a7 15 Abs. 3 TMG bzw. Art. 6 Abs. 1 lit. f DSGVO. Die von uns gesendeten und mit Cookies, Nutzerkennungen (z. B. User-ID) oder Werbe-IDs verkn\u00fcpften Daten werden nach 14 Monaten automatisch gel\u00f6scht. Die L\u00f6schung von Daten, deren Aufbewahrungsdauer erreicht ist, erfolgt automatisch einmal im Monat. N\u00e4here Informationen zu Nutzungsbedingungen und Datenschutz finden Sie unter\u00a0<a href=\"https:\/\/www.google.com\/analytics\/terms\/de.html\" target=\"_blank\" rel=\"noreferrer noopener\">https:\/\/www.google.com\/analytics\/terms\/de.html<\/a>\u00a0bzw. unter\u00a0<a href=\"https:\/\/policies.google.com\/?hl=de\" target=\"_blank\" rel=\"noreferrer noopener\">https:\/\/policies.google.com\/?hl=de<\/a>.<\/p><p><!-- \/wp:paragraph --><\/p><p><!-- wp:paragraph --><\/p><p>Sie k\u00f6nnen die Speicherung der Cookies durch eine entsprechende Einstellung Ihrer Browser-Software verhindern; wir weisen Sie jedoch darauf hin, dass Sie in diesem Fall gegebenenfalls nicht s\u00e4mtliche Funktionen dieser Website vollumf\u00e4nglich werden nutzen k\u00f6nnen. Sie k\u00f6nnen dar\u00fcber hinaus die Erfassung der durch das Cookie erzeugten und auf Ihre Nutzung der Website bezogenen Daten (inkl. Ihrer IP-Adresse) an Google sowie die Verarbeitung dieser Daten durch Google verhindern, indem Sie das\u00a0<a href=\"https:\/\/tools.google.com\/dlpage\/gaoptout?hl=de\" target=\"_blank\" rel=\"noreferrer noopener\">Browser-Add-on<\/a>\u00a0herunterladen und installieren. Opt-Out-Cookies verhindern die zuk\u00fcnftige Erfassung Ihrer Daten beim Besuch dieser Website. Um die Erfassung durch Universal Analytics \u00fcber verschiedene Ger\u00e4te hinweg zu verhindern, m\u00fcssen Sie das Opt-Out auf allen genutzten Systemen durchf\u00fchren. Wenn Sie hier klicken, wird das Opt-Out-Cookie gesetzt:\u00a0<a><strong>Google Analytics deaktivieren<\/strong><\/a><\/p><p><!-- \/wp:paragraph --><\/p><p><!-- wp:separator --><\/p><hr class=\"wp-block-separator\" \/><p><!-- \/wp:separator --><\/p><p><!-- wp:heading {\"level\":3} --><\/p><h3>Haftungsausschluss<\/h3><p><!-- \/wp:heading --><\/p><p><!-- wp:heading {\"level\":4} --><\/p><h4>1. Beziehung des Nutzers zum Betreiber<\/h4><p><!-- \/wp:heading --><\/p><p><!-- wp:paragraph --><\/p><p>Die Nutzungsbeziehung kann durch die Angabe von Zugang und Passwort bei der Antragstellung begr\u00fcndet werden. Der Nutzer wird sein Passwort sowie alle Daten, die den unbefugten Zugriff \u00fcber sein Konto erm\u00f6glichen, geheim halten und unverz\u00fcglich \u00e4ndern lassen, wenn Grund zu der Annahme besteht, dass ihm unberechtigte Dritte bekannt geworden sind. Der Nutzer haftet auch f\u00fcr Dritte, die \u00fcber sein Konto\/Dienste genutzt haben. Der Benutzer wird die Dienste auf diesem Server nur f\u00fcr nichtkommerzielle, private Zwecke nutzen. Soweit die Nutzung von Angeboten anderer Anbieter zu Nutzungsbedingungen berechtigt ist, erfolgt dies ausschlie\u00dflich zwischen dem anderen Anbieter und dem Kunden. Eine solche Beziehung zwischen dem anderen Anbieter und dem Kunden begr\u00fcndet keine Anspr\u00fcche gegen den Betreiber. Insbesondere \u00fcbernimmt der Betreiber keine. Der Nutzer ist f\u00fcr gespeicherten Inhalt verantwortlich, die f\u00fcr\/von ihm gespeichert wurden. Der Nutzer stellt den Betreiber von Anspr\u00fcchen Dritter wegen Rechtsverletzungen Dritte bez\u00fcglich der gespeicherten Inhalte frei. Der Nutzer verpflichtet sich, die Dienste nicht zu missbrauchen, insbesondere nicht in Telekommunikationsnetze\/Internet-Netzwerke einzugreifen, Schutzrechte zu verletzen und nicht gegen das Strafrecht zu versto\u00dfen. Die Benutzerbeziehung l\u00e4uft auf unbestimmte Zeit und kann vom Benutzer und Vom Betreiber jederzeit beendet werden.<\/p><p><!-- \/wp:paragraph --><\/p><p><!-- wp:heading {\"level\":4} --><\/p><h4>2. Pflichten und Rechte des Nutzers<\/h4><p><!-- \/wp:heading --><\/p><p><!-- wp:paragraph --><\/p><p>Der Nutzer verpflichtet sich, die Dienste nicht zu missbrauchen, insbesondere nicht gegen nationale oder internationale Schutzrechte (wie Urheber- oder Markenrechte) zu versto\u00dfen. Ebenso muss der Nutzer sicherstellen, dass Medien, die eine andere Person als sich selbst zeigen oder eine andere Personen auf Bildern oder Aufnahmen gezeigt werden, dass sie dar\u00fcber informiert werden m\u00fcssen und ihr Bild- \/Videomaterial oder ihre Aufnahmen auf dieser Website haben. Im Falle von Missverst\u00e4ndnissen liegt es in der Verantwortung des Benutzers, sich um die Situation zu k\u00fcmmern. Der Betreiber \u00fcbernimmt keine Haftung f\u00fcr nicht einwilligungsf\u00e4hige Bilder oder Aufnahmen, die auf dieser Website zu finden sind. Der Server darf nicht f\u00fcr kommerzielle Dienstleistungen oder kommerzielle Dienstleistungen Dritter genutzt werden. Wenn die Nutzung erfolgt, ist der Benutzer f\u00fcr die gespeicherten Inhalte verantwortlich. Sobald ein Nutzer nach Informationen \u00fcber sich selbst oder nach Informationen gefragt wird, sind diese wahrheitsgem\u00e4\u00df zu beantworten. Sobald sich Informationen \u00e4ndern, muss der Benutzer den Betreiber der Website informieren.<\/p><p><!-- \/wp:paragraph --><\/p><p><!-- wp:heading {\"level\":4} --><\/p><h4>3. Pflichten und Rechte des Betreibers<\/h4><p><!-- \/wp:heading --><\/p><p><!-- wp:paragraph --><\/p><p>Der Betreiber hat das Recht, den Zugang zu einem bestimmten Nutzer jederzeit zu verweigern. Insbesondere \u00fcbernimmt der Betreiber keine Haftung f\u00fcr die Erf\u00fcllung der entsprechenden Verpflichtungen (siehe Punkt 1).<\/p><p><!-- \/wp:paragraph --><\/p><p><!-- wp:heading {\"level\":4} --><\/p><h4>4. Gerichtsstand<\/h4><p><!-- \/wp:heading --><\/p><p><!-- wp:paragraph --><\/p><p>Gerichtsstand f\u00fcr alle Rechtsstreitigkeiten ist Dresden, Deutschland.<\/p><p><!-- \/wp:paragraph --><\/p><\/div>\n\t\t\t\t<\/div>\n\t\t\t\t<\/div>\n\t\t\t\t\t\t<\/div>\n\t\t\t\t\t<\/div>\n\t\t<\/div>\n\t\t\t\t\t\t\t\t<\/div>\n\t\t\t\t\t<\/div>\n\t\t<\/section>\n\t\t\t\t\t\t<\/div>\n\t\t\t\t\t\t<\/div>\n\t\t\t\t\t<\/div>\n\t\t","protected":false},"excerpt":{"rendered":"<p>Datenschutzerkl\u00e4rung Ich freue mich \u00fcber Ihr Interesse an emmmifla.de. Ich m\u00f6chte, dass Sie sich hinsichtlich des Schutzes Ihrer personenbezogenen Daten hier sicher f\u00fchlen.Die Nutzung dieser Webseite ist in der Regel ohne Angabe personenbezogener Daten m\u00f6glich. Soweit auf diesen Seiten personenbezogene Daten (beispielsweise Name, Anschrift oder E-Mail-Adressen) erhoben werden, erfolgt dies, soweit m\u00f6glich, stets auf freiwilliger &hellip;<\/p>\n<p class=\"read-more\"> <a class=\"\" href=\"https:\/\/emmmifla.de\/index.php\/datenschutz\/\"> <span class=\"screen-reader-text\">Datenschutz<\/span> Read More &raquo;<\/a><\/p>\n","protected":false},"author":2,"featured_media":0,"parent":0,"menu_order":0,"comment_status":"closed","ping_status":"closed","template":"","meta":[],"_links":{"self":[{"href":"https:\/\/emmmifla.de\/index.php\/wp-json\/wp\/v2\/pages\/998"}],"collection":[{"href":"https:\/\/emmmifla.de\/index.php\/wp-json\/wp\/v2\/pages"}],"about":[{"href":"https:\/\/emmmifla.de\/index.php\/wp-json\/wp\/v2\/types\/page"}],"author":[{"embeddable":true,"href":"https:\/\/emmmifla.de\/index.php\/wp-json\/wp\/v2\/users\/2"}],"replies":[{"embeddable":true,"href":"https:\/\/emmmifla.de\/index.php\/wp-json\/wp\/v2\/comments?post=998"}],"version-history":[{"count":8,"href":"https:\/\/emmmifla.de\/index.php\/wp-json\/wp\/v2\/pages\/998\/revisions"}],"predecessor-version":[{"id":1115,"href":"https:\/\/emmmifla.de\/index.php\/wp-json\/wp\/v2\/pages\/998\/revisions\/1115"}],"wp:attachment":[{"href":"https:\/\/emmmifla.de\/index.php\/wp-json\/wp\/v2\/media?parent=998"}],"curies":[{"name":"wp","href":"https:\/\/api.w.org\/{rel}","templated":true}]}}